{"id":263,"date":"2025-06-06T02:45:12","date_gmt":"2025-06-06T02:45:12","guid":{"rendered":"https:\/\/bitnerja.com\/?page_id=263"},"modified":"2025-07-08T13:23:31","modified_gmt":"2025-07-08T13:23:31","slug":"legal-notice","status":"publish","type":"page","link":"https:\/\/bitnerja.com\/en\/legal-notice\/","title":{"rendered":"Legal Notice"},"content":{"rendered":"<div data-elementor-type=\"wp-page\" data-elementor-id=\"263\" class=\"elementor elementor-263\" data-elementor-post-type=\"page\">\n\t\t\t\t<div class=\"elementor-element elementor-element-9f1cd1a e-flex e-con-boxed e-con e-parent\" data-id=\"9f1cd1a\" data-element_type=\"container\" data-e-type=\"container\">\n\t\t\t\t\t<div class=\"e-con-inner\">\n\t\t\t\t<div class=\"elementor-element elementor-element-d26032b elementor-widget elementor-widget-text-editor\" data-id=\"d26032b\" data-element_type=\"widget\" data-e-type=\"widget\" data-widget_type=\"text-editor.default\">\n\t\t\t\t<div class=\"elementor-widget-container\">\n\t\t\t\t\t\t\t\t\t<p data-start=\"96\" data-end=\"180\"><strong data-start=\"96\" data-end=\"180\">This legal notice \/ imprint was last updated on 5 June 2025.<\/strong><\/p>\n<p data-start=\"182\" data-end=\"212\">The owner of this website is:<\/p>\n<p data-start=\"214\" data-end=\"393\"><strong data-start=\"214\" data-end=\"246\">Juan Daniel Platero Figueroa<br><\/strong>53896264L<br data-start=\"246\" data-end=\"249\">C\/ Mirto, n\u00ba 42, Bajo Dcha.<br data-start=\"276\" data-end=\"279\">29780 Nerja, Malaga<br data-start=\"298\" data-end=\"301\">Spain<br data-start=\"307\" data-end=\"310\">E-mail: <a class=\"cursor-pointer\" rel=\"noopener\" data-start=\"330\" data-end=\"347\">info@bitnerja.com<\/a><br data-start=\"347\" data-end=\"350\" data-is-only-node=\"\">Telephone: +34 653 36 01 53<br data-start=\"376\" data-end=\"379\">VAT NO: 53896264L<\/p>\n<ol data-start=\"395\" data-end=\"545\">\n<li data-start=\"395\" data-end=\"545\">\n<p data-start=\"398\" data-end=\"545\"><strong data-start=\"398\" data-end=\"409\">General<\/strong><br data-start=\"409\" data-end=\"412\">We are neither willing nor obliged to participate in dispute resolution proceedings before a consumer arbitration board.<\/p>\n<\/li>\n<\/ol>\t\t\t\t\t\t\t\t<\/div>\n\t\t\t\t<\/div>\n\t\t\t\t\t<\/div>\n\t\t\t\t<\/div>\n\t\t\t\t<\/div>","protected":false},"excerpt":{"rendered":"<p>Este aviso legal \/ imprint fue actualizado por \u00faltima vez el 5 de junio de 2025. El propietario de esta web es: Juan Daniel Platero Figueroa53896264LC\/ Mirto, n\u00ba 42, Bajo Dcha.29780 Nerja, M\u00e1lagaEspa\u00f1aCorreo electr\u00f3nico: info@bitnerja.comTel\u00e9fono: +34 653 36 01 53NIF: 53896264L GeneralNo estamos dispuestos ni obligados a participar en procedimientos de resoluci\u00f3n de conflictos ante [&hellip;]<\/p>\n","protected":false},"author":1,"featured_media":0,"parent":0,"menu_order":0,"comment_status":"closed","ping_status":"closed","template":"","meta":{"footnotes":""},"class_list":["post-263","page","type-page","status-publish","hentry"],"_links":{"self":[{"href":"https:\/\/bitnerja.com\/en\/wp-json\/wp\/v2\/pages\/263","targetHints":{"allow":["GET"]}}],"collection":[{"href":"https:\/\/bitnerja.com\/en\/wp-json\/wp\/v2\/pages"}],"about":[{"href":"https:\/\/bitnerja.com\/en\/wp-json\/wp\/v2\/types\/page"}],"author":[{"embeddable":true,"href":"https:\/\/bitnerja.com\/en\/wp-json\/wp\/v2\/users\/1"}],"replies":[{"embeddable":true,"href":"https:\/\/bitnerja.com\/en\/wp-json\/wp\/v2\/comments?post=263"}],"version-history":[{"count":7,"href":"https:\/\/bitnerja.com\/en\/wp-json\/wp\/v2\/pages\/263\/revisions"}],"predecessor-version":[{"id":369,"href":"https:\/\/bitnerja.com\/en\/wp-json\/wp\/v2\/pages\/263\/revisions\/369"}],"wp:attachment":[{"href":"https:\/\/bitnerja.com\/en\/wp-json\/wp\/v2\/media?parent=263"}],"curies":[{"name":"wp","href":"https:\/\/api.w.org\/{rel}","templated":true}]}}